{"id":383,"date":"2025-05-27T21:45:03","date_gmt":"2025-05-27T19:45:03","guid":{"rendered":"https:\/\/arcanajdr.fr\/?page_id=383"},"modified":"2025-05-28T09:43:01","modified_gmt":"2025-05-28T07:43:01","slug":"la-musique-de-irban","status":"publish","type":"page","link":"https:\/\/arcanajdr.fr\/index.php\/le-jeu-de-role\/la-musique-de-irban\/","title":{"rendered":"La Musique de Irban"},"content":{"rendered":"\n<figure class=\"wp-block-image size-large\"><img loading=\"lazy\" decoding=\"async\" width=\"1024\" height=\"525\" src=\"https:\/\/arcanajdr.fr\/wp-content\/uploads\/2025\/05\/pochette_cd-1024x525.png\" alt=\"\" class=\"wp-image-391\" srcset=\"https:\/\/arcanajdr.fr\/wp-content\/uploads\/2025\/05\/pochette_cd-1024x525.png 1024w, https:\/\/arcanajdr.fr\/wp-content\/uploads\/2025\/05\/pochette_cd-300x154.png 300w, https:\/\/arcanajdr.fr\/wp-content\/uploads\/2025\/05\/pochette_cd-768x394.png 768w, https:\/\/arcanajdr.fr\/wp-content\/uploads\/2025\/05\/pochette_cd-1536x787.png 1536w, https:\/\/arcanajdr.fr\/wp-content\/uploads\/2025\/05\/pochette_cd-2048x1050.png 2048w\" sizes=\"auto, (max-width: 1024px) 100vw, 1024px\" \/><\/figure>\n\n\n\n<h2 class=\"wp-block-heading has-large-font-size\">I. \u00c9veil<\/h2>\n\n\n\n<figure class=\"wp-block-audio\"><audio controls src=\"https:\/\/arcanajdr.fr\/wp-content\/uploads\/2025\/05\/I.-Eveil.wav\"><\/audio><\/figure>\n\n\n\n<h2 class=\"wp-block-heading has-large-font-size\">II. La complainte de N\u00e9hara<\/h2>\n\n\n\n<figure class=\"wp-block-audio\"><audio controls src=\"https:\/\/arcanajdr.fr\/wp-content\/uploads\/2025\/05\/II.-La-complainte-de-Nehara.wav\"><\/audio><\/figure>\n\n\n\n<h2 class=\"wp-block-heading has-large-font-size\">III. Marche imp\u00e9riale<\/h2>\n\n\n\n<figure class=\"wp-block-audio\"><audio controls src=\"https:\/\/arcanajdr.fr\/wp-content\/uploads\/2025\/05\/III.-Marche-imperiale.wav\"><\/audio><\/figure>\n\n\n\n<h2 class=\"wp-block-heading has-large-font-size\">IV. La Marque<\/h2>\n\n\n\n<figure class=\"wp-block-audio\"><audio controls src=\"https:\/\/arcanajdr.fr\/wp-content\/uploads\/2025\/05\/IV.-La-marque.wav\"><\/audio><\/figure>\n\n\n\n<h2 class=\"wp-block-heading has-large-font-size\">V. Vol au dessus d&#8217;Oritade<\/h2>\n\n\n\n<figure class=\"wp-block-audio\"><audio controls src=\"https:\/\/arcanajdr.fr\/wp-content\/uploads\/2025\/05\/V.-Vol-au-dessus-de-Ortiade.wav\"><\/audio><\/figure>\n\n\n\n<h2 class=\"wp-block-heading has-large-font-size\">VI. Terreurs nocturnes<\/h2>\n\n\n\n<figure class=\"wp-block-audio\"><audio controls src=\"https:\/\/arcanajdr.fr\/wp-content\/uploads\/2025\/05\/VI.-Terreurs-nocturnes.wav\"><\/audio><\/figure>\n\n\n\n<h2 class=\"wp-block-heading has-large-font-size\">VII. Au Fantassin \u00c9m\u00e9rite<\/h2>\n\n\n\n<figure class=\"wp-block-audio\"><audio controls src=\"https:\/\/arcanajdr.fr\/wp-content\/uploads\/2025\/05\/VII.-Au-Fantassin-Emerite.wav\"><\/audio><\/figure>\n\n\n\n<h2 class=\"wp-block-heading has-large-font-size\">VIII. Le Bal du Palais<\/h2>\n\n\n\n<figure class=\"wp-block-audio\"><audio controls src=\"https:\/\/arcanajdr.fr\/wp-content\/uploads\/2025\/05\/VIII.-Le-bal-du-palais.wav\"><\/audio><\/figure>\n\n\n\n<h2 class=\"wp-block-heading has-large-font-size\">IX. La Chanson de l&#8217;\u00c9toile rouge (Irban)<\/h2>\n\n\n\n<figure class=\"wp-block-audio\"><audio controls src=\"https:\/\/arcanajdr.fr\/wp-content\/uploads\/2025\/05\/IX.-Irban-la-comptine-de-letoile-rouge.mp3\"><\/audio><\/figure>\n","protected":false},"excerpt":{"rendered":"<p>I. \u00c9veil II. La complainte de N\u00e9hara III. Marche imp\u00e9riale IV. La Marque V. Vol au dessus d&#8217;Oritade VI. Terreurs nocturnes VII. Au Fantassin \u00c9m\u00e9rite VIII. Le Bal du Palais IX. La Chanson de l&#8217;\u00c9toile rouge (Irban)<\/p>\n","protected":false},"author":1,"featured_media":384,"parent":21,"menu_order":0,"comment_status":"closed","ping_status":"closed","template":"","meta":{"footnotes":""},"class_list":["post-383","page","type-page","status-publish","has-post-thumbnail","hentry"],"_links":{"self":[{"href":"https:\/\/arcanajdr.fr\/index.php\/wp-json\/wp\/v2\/pages\/383","targetHints":{"allow":["GET"]}}],"collection":[{"href":"https:\/\/arcanajdr.fr\/index.php\/wp-json\/wp\/v2\/pages"}],"about":[{"href":"https:\/\/arcanajdr.fr\/index.php\/wp-json\/wp\/v2\/types\/page"}],"author":[{"embeddable":true,"href":"https:\/\/arcanajdr.fr\/index.php\/wp-json\/wp\/v2\/users\/1"}],"replies":[{"embeddable":true,"href":"https:\/\/arcanajdr.fr\/index.php\/wp-json\/wp\/v2\/comments?post=383"}],"version-history":[{"count":3,"href":"https:\/\/arcanajdr.fr\/index.php\/wp-json\/wp\/v2\/pages\/383\/revisions"}],"predecessor-version":[{"id":402,"href":"https:\/\/arcanajdr.fr\/index.php\/wp-json\/wp\/v2\/pages\/383\/revisions\/402"}],"up":[{"embeddable":true,"href":"https:\/\/arcanajdr.fr\/index.php\/wp-json\/wp\/v2\/pages\/21"}],"wp:featuredmedia":[{"embeddable":true,"href":"https:\/\/arcanajdr.fr\/index.php\/wp-json\/wp\/v2\/media\/384"}],"wp:attachment":[{"href":"https:\/\/arcanajdr.fr\/index.php\/wp-json\/wp\/v2\/media?parent=383"}],"curies":[{"name":"wp","href":"https:\/\/api.w.org\/{rel}","templated":true}]}}