{"id":308,"date":"2025-05-27T15:09:05","date_gmt":"2025-05-27T13:09:05","guid":{"rendered":"https:\/\/arcanajdr.fr\/?page_id=308"},"modified":"2025-05-27T15:53:19","modified_gmt":"2025-05-27T13:53:19","slug":"la-legende-de-lombre-lumiere","status":"publish","type":"page","link":"https:\/\/arcanajdr.fr\/index.php\/le-jeu-de-role\/la-legende-de-lombre-lumiere\/","title":{"rendered":"La L\u00e9gende de l&#8217;Ombre-Lumi\u00e8re"},"content":{"rendered":"\n<p style=\"font-size:22px\">R\u00e9cit fondateur d&#8217;Arcana, la L\u00e9gende de l&#8217;Ombre-Lumi\u00e8re raconte la cr\u00e9ation du monde et le Sacrifice de la Lumi\u00e8re&#8230;<\/p>\n\n\n<div class=\"wp-block-image\">\n<figure class=\"aligncenter size-large is-resized\"><img loading=\"lazy\" decoding=\"async\" width=\"570\" height=\"1024\" src=\"https:\/\/arcanajdr.fr\/wp-content\/uploads\/2025\/05\/ombre-lumiere1-570x1024.png\" alt=\"\" class=\"wp-image-337\" style=\"width:582px;height:auto\" srcset=\"https:\/\/arcanajdr.fr\/wp-content\/uploads\/2025\/05\/ombre-lumiere1-570x1024.png 570w, https:\/\/arcanajdr.fr\/wp-content\/uploads\/2025\/05\/ombre-lumiere1-167x300.png 167w, https:\/\/arcanajdr.fr\/wp-content\/uploads\/2025\/05\/ombre-lumiere1-768x1381.png 768w, https:\/\/arcanajdr.fr\/wp-content\/uploads\/2025\/05\/ombre-lumiere1-854x1536.png 854w, https:\/\/arcanajdr.fr\/wp-content\/uploads\/2025\/05\/ombre-lumiere1-1139x2048.png 1139w, https:\/\/arcanajdr.fr\/wp-content\/uploads\/2025\/05\/ombre-lumiere1-scaled.png 1424w\" sizes=\"auto, (max-width: 570px) 100vw, 570px\" \/><\/figure>\n<\/div>\n\n<div class=\"wp-block-image\">\n<figure class=\"aligncenter size-large is-resized\"><img loading=\"lazy\" decoding=\"async\" width=\"546\" height=\"1024\" src=\"https:\/\/arcanajdr.fr\/wp-content\/uploads\/2025\/05\/ombre-lumiere2-546x1024.png\" alt=\"\" class=\"wp-image-338\" style=\"width:582px;height:auto\" srcset=\"https:\/\/arcanajdr.fr\/wp-content\/uploads\/2025\/05\/ombre-lumiere2-546x1024.png 546w, https:\/\/arcanajdr.fr\/wp-content\/uploads\/2025\/05\/ombre-lumiere2-160x300.png 160w, https:\/\/arcanajdr.fr\/wp-content\/uploads\/2025\/05\/ombre-lumiere2-768x1441.png 768w, https:\/\/arcanajdr.fr\/wp-content\/uploads\/2025\/05\/ombre-lumiere2-819x1536.png 819w, https:\/\/arcanajdr.fr\/wp-content\/uploads\/2025\/05\/ombre-lumiere2-1092x2048.png 1092w, https:\/\/arcanajdr.fr\/wp-content\/uploads\/2025\/05\/ombre-lumiere2-scaled.png 1364w\" sizes=\"auto, (max-width: 546px) 100vw, 546px\" \/><\/figure>\n<\/div>\n\n\n<p><\/p>\n","protected":false},"excerpt":{"rendered":"<p>R\u00e9cit fondateur d&#8217;Arcana, la L\u00e9gende de l&#8217;Ombre-Lumi\u00e8re raconte la cr\u00e9ation du monde et le Sacrifice de la Lumi\u00e8re&#8230;<\/p>\n","protected":false},"author":1,"featured_media":309,"parent":21,"menu_order":0,"comment_status":"closed","ping_status":"closed","template":"","meta":{"footnotes":""},"class_list":["post-308","page","type-page","status-publish","has-post-thumbnail","hentry"],"_links":{"self":[{"href":"https:\/\/arcanajdr.fr\/index.php\/wp-json\/wp\/v2\/pages\/308","targetHints":{"allow":["GET"]}}],"collection":[{"href":"https:\/\/arcanajdr.fr\/index.php\/wp-json\/wp\/v2\/pages"}],"about":[{"href":"https:\/\/arcanajdr.fr\/index.php\/wp-json\/wp\/v2\/types\/page"}],"author":[{"embeddable":true,"href":"https:\/\/arcanajdr.fr\/index.php\/wp-json\/wp\/v2\/users\/1"}],"replies":[{"embeddable":true,"href":"https:\/\/arcanajdr.fr\/index.php\/wp-json\/wp\/v2\/comments?post=308"}],"version-history":[{"count":2,"href":"https:\/\/arcanajdr.fr\/index.php\/wp-json\/wp\/v2\/pages\/308\/revisions"}],"predecessor-version":[{"id":339,"href":"https:\/\/arcanajdr.fr\/index.php\/wp-json\/wp\/v2\/pages\/308\/revisions\/339"}],"up":[{"embeddable":true,"href":"https:\/\/arcanajdr.fr\/index.php\/wp-json\/wp\/v2\/pages\/21"}],"wp:featuredmedia":[{"embeddable":true,"href":"https:\/\/arcanajdr.fr\/index.php\/wp-json\/wp\/v2\/media\/309"}],"wp:attachment":[{"href":"https:\/\/arcanajdr.fr\/index.php\/wp-json\/wp\/v2\/media?parent=308"}],"curies":[{"name":"wp","href":"https:\/\/api.w.org\/{rel}","templated":true}]}}