{"id":21,"date":"2024-01-28T21:43:36","date_gmt":"2024-01-28T20:43:36","guid":{"rendered":"https:\/\/arcanajdr.fr\/?page_id=21"},"modified":"2025-08-02T14:36:59","modified_gmt":"2025-08-02T12:36:59","slug":"le-jeu-de-role","status":"publish","type":"page","link":"https:\/\/arcanajdr.fr\/","title":{"rendered":"Le Jeu de r\u00f4le"},"content":{"rendered":"\n<h1 class=\"wp-block-heading has-text-align-center\">Rendez-vous sur la page de l&#8217;\u00e9diteur pour commander le jeu :<\/h1>\n\n\n\n<figure class=\"wp-block-embed aligncenter is-type-wp-embed is-provider-angeldust-jdr wp-block-embed-angeldust-jdr\"><div class=\"wp-block-embed__wrapper\">\n<blockquote class=\"wp-embedded-content\" data-secret=\"dySLdxR3GA\"><a href=\"https:\/\/angeldust-jdr.com\/arcana\/\">Arcana<\/a><\/blockquote><iframe loading=\"lazy\" class=\"wp-embedded-content\" sandbox=\"allow-scripts\" security=\"restricted\" style=\"position: absolute; visibility: hidden;\" title=\"\u00ab\u00a0Arcana\u00a0\u00bb &#8212; Angeldust JDR\" src=\"https:\/\/angeldust-jdr.com\/arcana\/embed\/#?secret=dzHib7q0Vd#?secret=dySLdxR3GA\" data-secret=\"dySLdxR3GA\" width=\"600\" height=\"338\" frameborder=\"0\" marginwidth=\"0\" marginheight=\"0\" scrolling=\"no\"><\/iframe>\n<\/div><\/figure>\n\n\n\n<hr class=\"wp-block-separator has-alpha-channel-opacity\"\/>\n\n\n\n<blockquote class=\"wp-block-quote is-layout-flow wp-block-quote-is-layout-flow\">\n<p style=\"font-size:22px\">Celle qui jadis fut Tout pour Lui, et qui pourtant L\u2019abandonna, offrit sa vie dans un ultime Sacrifice. Alors, la Lumi\u00e8re s\u2019\u00e9teignit et une nuit \u00e9ternelle, perc\u00e9e d\u2019\u00e9toiles color\u00e9es et emplie d\u2019essences mystiques, r\u00e8gne depuis sur Arcana. Sous le regard des <strong>9<\/strong> Enfants, la magie, tel un faisceau \u00e9tincelant, parcourt et transcende toute chose, tout lieu et sublime tout \u00eatre.<\/p>\n<\/blockquote>\n\n\n\n<figure class=\"wp-block-image size-large\"><img loading=\"lazy\" decoding=\"async\" width=\"1024\" height=\"576\" src=\"https:\/\/arcanajdr.fr\/wp-content\/uploads\/2024\/01\/logo_arcana_transparent_blanc-1024x576.png\" alt=\"\" class=\"wp-image-25\" srcset=\"https:\/\/arcanajdr.fr\/wp-content\/uploads\/2024\/01\/logo_arcana_transparent_blanc-1024x576.png 1024w, https:\/\/arcanajdr.fr\/wp-content\/uploads\/2024\/01\/logo_arcana_transparent_blanc-300x169.png 300w, https:\/\/arcanajdr.fr\/wp-content\/uploads\/2024\/01\/logo_arcana_transparent_blanc-768x432.png 768w, https:\/\/arcanajdr.fr\/wp-content\/uploads\/2024\/01\/logo_arcana_transparent_blanc-1536x864.png 1536w, https:\/\/arcanajdr.fr\/wp-content\/uploads\/2024\/01\/logo_arcana_transparent_blanc-400x225.png 400w, https:\/\/arcanajdr.fr\/wp-content\/uploads\/2024\/01\/logo_arcana_transparent_blanc-860x484.png 860w, https:\/\/arcanajdr.fr\/wp-content\/uploads\/2024\/01\/logo_arcana_transparent_blanc.png 1920w\" sizes=\"auto, (max-width: 1024px) 100vw, 1024px\" \/><\/figure>\n\n\n\n<p style=\"font-size:22px\">Arcana est un Jeu de R\u00f4le Clair-Obscur \u00e0 secret qui se d\u00e9roule dans un univers \u201cNeon Fantasy\u201d.<\/p>\n\n\n\n<p style=\"font-size:22px\">Incarnez une cr\u00e9ature qui foule Arcana et d\u00e9couvrez les secrets de cet univers :<\/p>\n\n\n\n<p class=\"has-text-align-center\" style=\"font-size:22px\"><strong>Qui sont les 9 Enfants et quels drames se cachent derri\u00e8re leur mythe ?<br>Qu\u2019est-il advenu de la Lumi\u00e8re ?<br>Qu\u2019\u00eates-vous pr\u00eat \u00e0 sacrifier pour conna\u00eetre la v\u00e9rit\u00e9 ?<\/strong><\/p>\n\n\n\n<p style=\"font-size:22px\"><\/p>\n\n\n\n<h2 class=\"wp-block-heading\">Arcana, un jeu N\u00e9on fantasy<\/h2>\n\n\n\n<p style=\"font-size:22px\">Les couleurs de l\u2019univers rev\u00eatent une esth\u00e9tique particuli\u00e8re qui verra les Protagonistes \u00e9voluer sous un ciel sans soleil et o\u00f9 la lumi\u00e8re \u00e9mane des \u00eatres bio-luminescents. Impr\u00e9gn\u00e9s de magie, les diff\u00e9rents peuples \u00e9voluent dans une \u00e9poque d\u2019inspiration m\u00e9di\u00e9vale. Les l\u00e9gendes que vous forgerez seront plong\u00e9es dans cette nuit \u00e9ternelle dont la vo\u00fbte c\u00e9leste est constell\u00e9e d\u2019\u00e9toiles color\u00e9es.<\/p>\n\n\n\n<h2 class=\"wp-block-heading\">Arcana, un jeu Clair-Obscur<\/h2>\n\n\n\n<p style=\"font-size:22px\">Au-del\u00e0 d\u2019un monde plong\u00e9 dans l\u2019obscurit\u00e9, vous serez invit\u00e9s \u00e0 explorer des dilemmes moraux, o\u00f9 ni le Bien ni le Mal ne sont ma\u00eetres. C\u2019est un jeu qui vous poussera \u00e0 vous interroger sur la port\u00e9e de vos choix, sur la l\u00e9gitimit\u00e9 de vos actions.<\/p>\n\n\n\n<h2 class=\"wp-block-heading\">Arcana, un jeu \u00e0 Secrets<\/h2>\n\n\n\n<p style=\"font-size:22px\">On raconte que les Neuf Enfants ont fa\u00e7onn\u00e9 le monde et que la Lumi\u00e8re fut sacrifi\u00e9e pour qu\u2019il perdure. On murmure m\u00eame qu\u2019ils marchent encore parmi les mortels. Leurs combats, leurs v\u00e9rit\u00e9s, leurs douleurs\u2026 tout cela dort en Arcana. A vous de percer leurs myst\u00e8res.<\/p>\n\n\n\n<hr class=\"wp-block-separator has-alpha-channel-opacity\"\/>\n\n\n\n<p style=\"font-size:22px\">Plongez dans un monde \u00e9sot\u00e9rique pour en d\u00e9couvrir ses myst\u00e8res et faites face \u00e0 ses dilemmes moraux, ses conflits et ses intrigues en nuances de gris. <\/p>\n\n\n\n<p style=\"font-size:22px\">Une partie \u201cd\u00e9couverte\u201d d\u2019Arcana pour 2 \u00e0 5 joueurs et un MJ se d\u00e9roule en 2h, 3h ou 4h selon les cr\u00e9neaux. (Pour une partie nocturne, pr\u00e9voir au moins 4h).<\/p>\n\n\n\n<hr class=\"wp-block-separator has-alpha-channel-opacity\"\/>\n\n\n\n<p style=\"font-size:22px\">Plus d&#8217;informations sur Arcana :<\/p>\n\n\n<ul class=\"wp-block-page-list\"><li class=\"wp-block-pages-list__item\"><a class=\"wp-block-pages-list__item__link\" href=\"https:\/\/arcanajdr.fr\/index.php\/ames-liees\/\">\u00c2mes-li\u00e9es<\/a><\/li><li class=\"wp-block-pages-list__item has-child menu-item-home\"><a class=\"wp-block-pages-list__item__link\" href=\"https:\/\/arcanajdr.fr\/\">Le Jeu de r\u00f4le<\/a><ul class=\"wp-block-navigation__submenu-container\"><li class=\"wp-block-pages-list__item \"><a class=\"wp-block-pages-list__item__link\" href=\"https:\/\/arcanajdr.fr\/index.php\/le-jeu-de-role\/aides-de-jeux\/\">Aides de jeux<\/a><\/li><li class=\"wp-block-pages-list__item \"><a class=\"wp-block-pages-list__item__link\" href=\"https:\/\/arcanajdr.fr\/index.php\/le-jeu-de-role\/galerie-photos\/\">Galerie photos<\/a><\/li><li class=\"wp-block-pages-list__item \"><a class=\"wp-block-pages-list__item__link\" href=\"https:\/\/arcanajdr.fr\/index.php\/le-jeu-de-role\/la-legende-de-lombre-lumiere\/\">La L\u00e9gende de l&#8217;Ombre-Lumi\u00e8re<\/a><\/li><li class=\"wp-block-pages-list__item \"><a class=\"wp-block-pages-list__item__link\" href=\"https:\/\/arcanajdr.fr\/index.php\/le-jeu-de-role\/la-musique-de-irban\/\">La Musique de Irban<\/a><\/li><li class=\"wp-block-pages-list__item \"><a class=\"wp-block-pages-list__item__link\" href=\"https:\/\/arcanajdr.fr\/index.php\/le-jeu-de-role\/les-neuf-enfants\/\">Les Neuf Enfants<\/a><\/li><li class=\"wp-block-pages-list__item \"><a class=\"wp-block-pages-list__item__link\" href=\"https:\/\/arcanajdr.fr\/index.php\/le-jeu-de-role\/les-peuples-darcana\/\">Les Peuples d&#8217;Arcana<\/a><\/li><li class=\"wp-block-pages-list__item \"><a class=\"wp-block-pages-list__item__link\" href=\"https:\/\/arcanajdr.fr\/index.php\/le-jeu-de-role\/plans-et-lieux-doritade\/\">Plans et lieux d&#8217;Oritade<\/a><\/li><\/ul><\/li><li class=\"wp-block-pages-list__item\"><a class=\"wp-block-pages-list__item__link\" href=\"https:\/\/arcanajdr.fr\/index.php\/transmedia\/\">Transm\u00e9dia<\/a><\/li><\/ul>\n\n\n<figure class=\"wp-block-gallery has-nested-images columns-default is-cropped wp-block-gallery-1 is-layout-flex wp-block-gallery-is-layout-flex\">\n<figure class=\"wp-block-image size-large\"><img loading=\"lazy\" decoding=\"async\" width=\"683\" height=\"1024\" data-id=\"277\" src=\"https:\/\/arcanajdr.fr\/wp-content\/uploads\/2025\/05\/Etoile-683x1024.jpg\" alt=\"\" class=\"wp-image-277\" srcset=\"https:\/\/arcanajdr.fr\/wp-content\/uploads\/2025\/05\/Etoile-683x1024.jpg 683w, https:\/\/arcanajdr.fr\/wp-content\/uploads\/2025\/05\/Etoile-200x300.jpg 200w, https:\/\/arcanajdr.fr\/wp-content\/uploads\/2025\/05\/Etoile-768x1151.jpg 768w, https:\/\/arcanajdr.fr\/wp-content\/uploads\/2025\/05\/Etoile-1025x1536.jpg 1025w, https:\/\/arcanajdr.fr\/wp-content\/uploads\/2025\/05\/Etoile-scaled.jpg 1709w\" sizes=\"auto, (max-width: 683px) 100vw, 683px\" \/><\/figure>\n\n\n\n<figure class=\"wp-block-image size-large\"><img loading=\"lazy\" decoding=\"async\" width=\"1024\" height=\"683\" data-id=\"264\" src=\"https:\/\/arcanajdr.fr\/wp-content\/uploads\/2025\/05\/IMG3559-copie-1024x683.jpg\" alt=\"\" class=\"wp-image-264\" srcset=\"https:\/\/arcanajdr.fr\/wp-content\/uploads\/2025\/05\/IMG3559-copie-1024x683.jpg 1024w, https:\/\/arcanajdr.fr\/wp-content\/uploads\/2025\/05\/IMG3559-copie-300x200.jpg 300w, https:\/\/arcanajdr.fr\/wp-content\/uploads\/2025\/05\/IMG3559-copie-768x512.jpg 768w, https:\/\/arcanajdr.fr\/wp-content\/uploads\/2025\/05\/IMG3559-copie-1536x1024.jpg 1536w, https:\/\/arcanajdr.fr\/wp-content\/uploads\/2025\/05\/IMG3559-copie-2048x1365.jpg 2048w\" sizes=\"auto, (max-width: 1024px) 100vw, 1024px\" \/><\/figure>\n\n\n\n<figure class=\"wp-block-image size-large\"><img loading=\"lazy\" decoding=\"async\" width=\"683\" height=\"1024\" data-id=\"388\" src=\"https:\/\/arcanajdr.fr\/wp-content\/uploads\/2025\/05\/IMG9787-copie-683x1024.jpg\" alt=\"\" class=\"wp-image-388\" srcset=\"https:\/\/arcanajdr.fr\/wp-content\/uploads\/2025\/05\/IMG9787-copie-683x1024.jpg 683w, https:\/\/arcanajdr.fr\/wp-content\/uploads\/2025\/05\/IMG9787-copie-200x300.jpg 200w, https:\/\/arcanajdr.fr\/wp-content\/uploads\/2025\/05\/IMG9787-copie-768x1152.jpg 768w, https:\/\/arcanajdr.fr\/wp-content\/uploads\/2025\/05\/IMG9787-copie-1024x1536.jpg 1024w, https:\/\/arcanajdr.fr\/wp-content\/uploads\/2025\/05\/IMG9787-copie-1365x2048.jpg 1365w, https:\/\/arcanajdr.fr\/wp-content\/uploads\/2025\/05\/IMG9787-copie-scaled.jpg 1707w\" sizes=\"auto, (max-width: 683px) 100vw, 683px\" \/><\/figure>\n\n\n\n<figure class=\"wp-block-image size-large\"><img loading=\"lazy\" decoding=\"async\" width=\"683\" height=\"1024\" data-id=\"260\" src=\"https:\/\/arcanajdr.fr\/wp-content\/uploads\/2025\/05\/IMG0143-683x1024.jpg\" alt=\"\" class=\"wp-image-260\" srcset=\"https:\/\/arcanajdr.fr\/wp-content\/uploads\/2025\/05\/IMG0143-683x1024.jpg 683w, https:\/\/arcanajdr.fr\/wp-content\/uploads\/2025\/05\/IMG0143-200x300.jpg 200w, https:\/\/arcanajdr.fr\/wp-content\/uploads\/2025\/05\/IMG0143-768x1152.jpg 768w, https:\/\/arcanajdr.fr\/wp-content\/uploads\/2025\/05\/IMG0143-1024x1536.jpg 1024w, https:\/\/arcanajdr.fr\/wp-content\/uploads\/2025\/05\/IMG0143-1365x2048.jpg 1365w, https:\/\/arcanajdr.fr\/wp-content\/uploads\/2025\/05\/IMG0143-scaled.jpg 1707w\" sizes=\"auto, (max-width: 683px) 100vw, 683px\" \/><\/figure>\n\n\n\n<figure class=\"wp-block-image size-large\"><img loading=\"lazy\" decoding=\"async\" width=\"683\" height=\"1024\" data-id=\"272\" src=\"https:\/\/arcanajdr.fr\/wp-content\/uploads\/2025\/05\/Alicha-face-au-Cail-683x1024.jpg\" alt=\"\" class=\"wp-image-272\" srcset=\"https:\/\/arcanajdr.fr\/wp-content\/uploads\/2025\/05\/Alicha-face-au-Cail-683x1024.jpg 683w, https:\/\/arcanajdr.fr\/wp-content\/uploads\/2025\/05\/Alicha-face-au-Cail-200x300.jpg 200w, https:\/\/arcanajdr.fr\/wp-content\/uploads\/2025\/05\/Alicha-face-au-Cail-768x1152.jpg 768w, https:\/\/arcanajdr.fr\/wp-content\/uploads\/2025\/05\/Alicha-face-au-Cail-1024x1536.jpg 1024w, https:\/\/arcanajdr.fr\/wp-content\/uploads\/2025\/05\/Alicha-face-au-Cail-1365x2048.jpg 1365w, https:\/\/arcanajdr.fr\/wp-content\/uploads\/2025\/05\/Alicha-face-au-Cail-scaled.jpg 1707w\" sizes=\"auto, (max-width: 683px) 100vw, 683px\" \/><\/figure>\n\n\n\n<figure class=\"wp-block-image size-large\"><img loading=\"lazy\" decoding=\"async\" width=\"683\" height=\"1024\" data-id=\"258\" src=\"https:\/\/arcanajdr.fr\/wp-content\/uploads\/2025\/05\/Rempart-Maison-Evis-683x1024.jpg\" alt=\"\" class=\"wp-image-258\" srcset=\"https:\/\/arcanajdr.fr\/wp-content\/uploads\/2025\/05\/Rempart-Maison-Evis-683x1024.jpg 683w, https:\/\/arcanajdr.fr\/wp-content\/uploads\/2025\/05\/Rempart-Maison-Evis-200x300.jpg 200w, https:\/\/arcanajdr.fr\/wp-content\/uploads\/2025\/05\/Rempart-Maison-Evis-768x1152.jpg 768w, https:\/\/arcanajdr.fr\/wp-content\/uploads\/2025\/05\/Rempart-Maison-Evis-1024x1536.jpg 1024w, https:\/\/arcanajdr.fr\/wp-content\/uploads\/2025\/05\/Rempart-Maison-Evis-1365x2048.jpg 1365w, https:\/\/arcanajdr.fr\/wp-content\/uploads\/2025\/05\/Rempart-Maison-Evis-scaled.jpg 1707w\" sizes=\"auto, (max-width: 683px) 100vw, 683px\" \/><\/figure>\n\n\n\n<figure class=\"wp-block-image size-large\"><img loading=\"lazy\" decoding=\"async\" width=\"681\" height=\"1024\" data-id=\"280\" src=\"https:\/\/arcanajdr.fr\/wp-content\/uploads\/2025\/05\/IMGP2276-681x1024.jpg\" alt=\"\" class=\"wp-image-280\" srcset=\"https:\/\/arcanajdr.fr\/wp-content\/uploads\/2025\/05\/IMGP2276-681x1024.jpg 681w, https:\/\/arcanajdr.fr\/wp-content\/uploads\/2025\/05\/IMGP2276-199x300.jpg 199w, https:\/\/arcanajdr.fr\/wp-content\/uploads\/2025\/05\/IMGP2276-768x1155.jpg 768w, https:\/\/arcanajdr.fr\/wp-content\/uploads\/2025\/05\/IMGP2276-1021x1536.jpg 1021w, https:\/\/arcanajdr.fr\/wp-content\/uploads\/2025\/05\/IMGP2276-1362x2048.jpg 1362w, https:\/\/arcanajdr.fr\/wp-content\/uploads\/2025\/05\/IMGP2276-scaled.jpg 1702w\" sizes=\"auto, (max-width: 681px) 100vw, 681px\" \/><\/figure>\n\n\n\n<figure class=\"wp-block-image size-large\"><img loading=\"lazy\" decoding=\"async\" width=\"1024\" height=\"683\" data-id=\"269\" src=\"https:\/\/arcanajdr.fr\/wp-content\/uploads\/2025\/05\/IMG6798-copie-1024x683.jpg\" alt=\"\" class=\"wp-image-269\" srcset=\"https:\/\/arcanajdr.fr\/wp-content\/uploads\/2025\/05\/IMG6798-copie-1024x683.jpg 1024w, https:\/\/arcanajdr.fr\/wp-content\/uploads\/2025\/05\/IMG6798-copie-300x200.jpg 300w, https:\/\/arcanajdr.fr\/wp-content\/uploads\/2025\/05\/IMG6798-copie-768x512.jpg 768w, https:\/\/arcanajdr.fr\/wp-content\/uploads\/2025\/05\/IMG6798-copie-1536x1024.jpg 1536w, https:\/\/arcanajdr.fr\/wp-content\/uploads\/2025\/05\/IMG6798-copie-2048x1365.jpg 2048w\" sizes=\"auto, (max-width: 1024px) 100vw, 1024px\" \/><\/figure>\n<\/figure>\n","protected":false},"excerpt":{"rendered":"<p>Rendez-vous sur la page de l&#8217;\u00e9diteur pour commander le jeu : Celle qui jadis fut Tout pour Lui, et qui pourtant L\u2019abandonna, offrit sa vie dans un ultime Sacrifice. Alors, la Lumi\u00e8re s\u2019\u00e9teignit et une nuit \u00e9ternelle, perc\u00e9e d\u2019\u00e9toiles color\u00e9es <a class=\"more-link\" href=\"https:\/\/arcanajdr.fr\/\">Read More &#8230;<\/a><\/p>\n","protected":false},"author":1,"featured_media":255,"parent":0,"menu_order":0,"comment_status":"closed","ping_status":"closed","template":"","meta":{"footnotes":""},"class_list":["post-21","page","type-page","status-publish","has-post-thumbnail","hentry"],"_links":{"self":[{"href":"https:\/\/arcanajdr.fr\/index.php\/wp-json\/wp\/v2\/pages\/21","targetHints":{"allow":["GET"]}}],"collection":[{"href":"https:\/\/arcanajdr.fr\/index.php\/wp-json\/wp\/v2\/pages"}],"about":[{"href":"https:\/\/arcanajdr.fr\/index.php\/wp-json\/wp\/v2\/types\/page"}],"author":[{"embeddable":true,"href":"https:\/\/arcanajdr.fr\/index.php\/wp-json\/wp\/v2\/users\/1"}],"replies":[{"embeddable":true,"href":"https:\/\/arcanajdr.fr\/index.php\/wp-json\/wp\/v2\/comments?post=21"}],"version-history":[{"count":17,"href":"https:\/\/arcanajdr.fr\/index.php\/wp-json\/wp\/v2\/pages\/21\/revisions"}],"predecessor-version":[{"id":424,"href":"https:\/\/arcanajdr.fr\/index.php\/wp-json\/wp\/v2\/pages\/21\/revisions\/424"}],"wp:featuredmedia":[{"embeddable":true,"href":"https:\/\/arcanajdr.fr\/index.php\/wp-json\/wp\/v2\/media\/255"}],"wp:attachment":[{"href":"https:\/\/arcanajdr.fr\/index.php\/wp-json\/wp\/v2\/media?parent=21"}],"curies":[{"name":"wp","href":"https:\/\/api.w.org\/{rel}","templated":true}]}}